{"id":2,"date":"2025-11-24T22:13:33","date_gmt":"2025-11-24T22:13:33","guid":{"rendered":"http:\/\/escalah.cluster100.hosting.ovh.net\/?page_id=2"},"modified":"2026-01-18T18:48:21","modified_gmt":"2026-01-18T18:48:21","slug":"sample-page","status":"publish","type":"page","link":"https:\/\/www.escaladepatagonia.com\/","title":{"rendered":""},"content":{"rendered":"<div class=\"wpb-content-wrapper\"><p>[vc_row][vc_column][vc_raw_html css=&#8221;&#8221;]JTVCdHJ1c3RpbmRleCUyMG5vLXJlZ2lzdHJhdGlvbiUzRGdvb2dsZSU1RCUzQ2JyJTJGJTNFJTNDYnIlMkYlM0U=[\/vc_raw_html][\/vc_column][\/vc_row][vc_row][vc_column css_animation=&#8221;fadeIn&#8221; width=&#8221;1\/3&#8243;]<div class=\"zozo-feature-box feature-box-style style-default-box style-sep-yes  clearfix\" id=\"feature-box-1\"><div class=\"grid-item\"><div class=\"grid-box-inner grid-text-center grid-box-image grid-shape-none\"><h2 class=\"grid-title-below grid-title \" >Sample Heading<\/h2><div class=\"grid-desc\" ><p>I am text block. Please change this dummy text in your page editor for this feature box.<\/p>\n<\/div><\/div><\/div><\/div>[\/vc_column][vc_column css_animation=&#8221;fadeIn&#8221; width=&#8221;1\/3&#8243;]<div class=\"zozo-feature-box feature-box-style style-default-box style-sep-yes  clearfix\" id=\"feature-box-2\"><div class=\"grid-item\"><div class=\"grid-box-inner grid-text-center grid-box-image grid-shape-none\"><h2 class=\"grid-title-below grid-title \" >Sample Heading<\/h2><div class=\"grid-desc\" ><p>I am text block. Please change this dummy text in your page editor for this feature box.<\/p>\n<\/div><\/div><\/div><\/div>[\/vc_column][vc_column css_animation=&#8221;fadeIn&#8221; width=&#8221;1\/3&#8243;]<div class=\"zozo-feature-box feature-box-style style-default-box style-sep-yes  clearfix\" id=\"feature-box-3\"><div class=\"grid-item\"><div class=\"grid-box-inner grid-text-center grid-box-image grid-shape-none\"><h2 class=\"grid-title-below grid-title \" >Sample Heading<\/h2><div class=\"grid-desc\" ><p>I am text block. Please change this dummy text in your page editor for this feature box.<\/p>\n<\/div><\/div><\/div><\/div>[\/vc_column][\/vc_row][vc_section full_width=&#8221;stretch_row&#8221; css=&#8221;.vc_custom_1766004737092{background-color: #1E73BE !important;}&#8221;][vc_row][vc_column]<div class=\"zozo-parallax-header\"><div class=\"parallax-header content-style-default\"><h2 class=\"parallax-title\">Tarifs<\/h2><div class=\"parallax-desc default-style\"><p><span id=\"m_-5438945146414575574gmail-docs-internal-guid-11b9fb76-7fff-d56b-d81a-0a289f65143d\">Tous les tarifs comprennent l\u2019encadrement par un professionnel dipl\u00f4m\u00e9 ainsi que le mat\u00e9riel adapt\u00e9 \u00e0 l\u2019activit\u00e9. Plus de d\u00e9tails dans la rubrique tarifs.<\/span><\/p>\n<\/div><\/div><\/div>[vc_row_inner][vc_column_inner width=&#8221;1\/3&#8243;]<div class=\"zozo-feature-box feature-box-style style-default-box style-sep-yes  clearfix\" id=\"feature-box-4\"><div class=\"grid-item\"><div class=\"grid-box-inner grid-text-center grid-box-image grid-shape-none\"><h2 class=\"grid-title-below grid-title \" >Sample Heading<\/h2><div class=\"grid-desc\" ><div style=\"min-height: 280px;\">\n<table style=\"width: 100%; max-width: 610px; border-collapse: collapse; font-family: Arial, sans-serif;\">\n<tbody>\n<tr>\n<td style=\"padding: 12px; border: 1px solid #ccc; background-color: #f5f5f5;\"><\/td>\n<td style=\"padding: 12px; border: 1px solid #ccc; background-color: #f5f5f5;\">Moins de 5 pers<\/td>\n<td style=\"padding: 12px; border: 1px solid #ccc; background-color: #f5f5f5;\">5 pers ou plus<\/td>\n<\/tr>\n<tr>\n<td style=\"padding: 12px; border: 1px solid #ccc; background-color: #fdfdfd;\">Accessible<\/td>\n<td style=\"padding: 12px; border: 1px solid #ccc; background-color: #fdfdfd;\">63,00 \u20ac*<\/td>\n<td style=\"padding: 12px; border: 1px solid #ccc; background-color: #fdfdfd;\">60,00 \u20ac*<\/td>\n<\/tr>\n<tr>\n<td style=\"padding: 12px; border: 1px solid #ccc; background-color: #fdfdfd;\">Soutenu<\/td>\n<td style=\"padding: 12px; border: 1px solid #ccc; background-color: #fdfdfd;\">90,00 \u20ac*<\/td>\n<td style=\"padding: 12px; border: 1px solid #ccc; background-color: #fdfdfd;\">82,00 \u20ac*<\/td>\n<\/tr>\n<\/tbody>\n<\/table>\n<\/div>\n<\/div><\/div><\/div><\/div>[\/vc_column_inner][vc_column_inner width=&#8221;1\/3&#8243;]<div class=\"zozo-feature-box feature-box-style style-default-box style-sep-yes  clearfix\" id=\"feature-box-5\"><div class=\"grid-item\"><div class=\"grid-box-inner grid-text-center grid-box-image grid-shape-none\"><h2 class=\"grid-title-below grid-title \" >Sample Heading<\/h2><div class=\"grid-desc\" ><div style=\"min-height: 280px;\">\n<table style=\"width: 100%; max-width: 610px; border-collapse: collapse; font-family: Arial, sans-serif;\">\n<tbody>\n<tr>\n<td style=\"padding: 12px; border: 1px solid #ccc; background-color: #f5f5f5;\"><\/td>\n<td style=\"padding: 12px; border: 1px solid #ccc; background-color: #f5f5f5;\">Moins de 5 pers<\/td>\n<td style=\"padding: 12px; border: 1px solid #ccc; background-color: #f5f5f5;\">5 pers ou plus<\/td>\n<\/tr>\n<tr>\n<td style=\"padding: 12px; border: 1px solid #ccc; background-color: #fdfdfd;\">Initiation demi-journ\u00e9e<\/td>\n<td style=\"padding: 12px; border: 1px solid #ccc; background-color: #fdfdfd;\">50,00 \u20ac*<\/td>\n<td style=\"padding: 12px; border: 1px solid #ccc; background-color: #fdfdfd;\">45,00 \u20ac*<\/td>\n<\/tr>\n<tr>\n<td style=\"padding: 12px; border: 1px solid #ccc; background-color: #fdfdfd;\">Initiation journ\u00e9e<\/td>\n<td style=\"padding: 12px; border: 1px solid #ccc; background-color: #fdfdfd;\">75,00 \u20ac*<\/td>\n<td style=\"padding: 12px; border: 1px solid #ccc; background-color: #fdfdfd;\">70,00 \u20ac*<\/td>\n<\/tr>\n<tr>\n<td style=\"padding: 12px; border: 1px solid #ccc; background-color: #fdfdfd; text-align: center;\" colspan=\"3\">Grandes voies tarif \u00e0 consulter<\/td>\n<\/tr>\n<\/tbody>\n<\/table>\n<\/div>\n<\/div><\/div><\/div><\/div>[\/vc_column_inner][vc_column_inner width=&#8221;1\/3&#8243;]<div class=\"zozo-feature-box feature-box-style style-default-box style-sep-yes  clearfix\" id=\"feature-box-6\"><div class=\"grid-item\"><div class=\"grid-box-inner grid-text-center grid-box-image grid-shape-none\"><h2 class=\"grid-title-below grid-title \" >Sample Heading<\/h2><div class=\"grid-desc\" ><div style=\"min-height: 280px;\">\n<table style=\"width: 100%; max-width: 610px; border-collapse: collapse; font-family: Arial, sans-serif;\">\n<tbody>\n<tr>\n<td style=\"padding: 12px; border: 1px solid #ccc; background-color: #f5f5f5;\"><\/td>\n<td style=\"padding: 12px; border: 1px solid #ccc; background-color: #f5f5f5;\">Moins de 5 pers<\/td>\n<td style=\"padding: 12px; border: 1px solid #ccc; background-color: #f5f5f5;\">5 pers ou plus<\/td>\n<\/tr>\n<tr>\n<td style=\"padding: 12px; border: 1px solid #ccc; background-color: #fdfdfd;\">Demi-journ\u00e9e<\/td>\n<td style=\"padding: 12px; border: 1px solid #ccc; background-color: #fdfdfd;\">50,00 \u20ac*<\/td>\n<td style=\"padding: 12px; border: 1px solid #ccc; background-color: #fdfdfd;\">45,00 \u20ac*<\/td>\n<\/tr>\n<\/tbody>\n<\/table>\n<\/div>\n<\/div><\/div><\/div><\/div>[\/vc_column_inner][\/vc_row_inner][\/vc_column][\/vc_row][\/vc_section][vc_row][vc_column][vc_raw_html css=&#8221;&#8221;]JTVCdHJ1c3RpbmRleCUyMG5vLXJlZ2lzdHJhdGlvbiUzRHRyaXBhZHZpc29yJTVE[\/vc_raw_html][\/vc_column][\/vc_row][vc_row][vc_column][vc_single_image image=&#8221;43&#8243; css=&#8221;&#8221;][\/vc_column][\/vc_row]<\/p>\n<\/div>","protected":false},"excerpt":{"rendered":"<p>[vc_row][vc_column][vc_raw_html css=&#8221;&#8221;]JTVCdHJ1c3RpbmRleCUyMG5vLXJlZ2lzdHJhdGlvbiUzRGdvb2dsZSU1RCUzQ2JyJTJGJTNFJTNDYnIlMkYlM0U=[\/vc_raw_html][\/vc_column][\/vc_row][vc_row][vc_column css_animation=&#8221;fadeIn&#8221; width=&#8221;1\/3&#8243;][\/vc_column][vc_column css_animation=&#8221;fadeIn&#8221; width=&#8221;1\/3&#8243;][\/vc_column][vc_column css_animation=&#8221;fadeIn&#8221; width=&#8221;1\/3&#8243;][\/vc_column][\/vc_row][vc_section full_width=&#8221;stretch_row&#8221; css=&#8221;.vc_custom_1766004737092{background-color: #1E73BE !important;}&#8221;][vc_row][vc_column][vc_row_inner][vc_column_inner width=&#8221;1\/3&#8243;][\/vc_column_inner][vc_column_inner width=&#8221;1\/3&#8243;][\/vc_column_inner][vc_column_inner width=&#8221;1\/3&#8243;][\/vc_column_inner][\/vc_row_inner][\/vc_column][\/vc_row][\/vc_section][vc_row][vc_column][vc_raw_html css=&#8221;&#8221;]JTVCdHJ1c3RpbmRleCUyMG5vLXJlZ2lzdHJhdGlvbiUzRHRyaXBhZHZpc29yJTVE[\/vc_raw_html][\/vc_column][\/vc_row][vc_row][vc_column][vc_single_image image=&#8221;43&#8243; css=&#8221;&#8221;][\/vc_column][\/vc_row]<\/p>\n","protected":false},"author":1,"featured_media":0,"parent":0,"menu_order":0,"comment_status":"closed","ping_status":"open","template":"template-fullwidth.php","meta":{"footnotes":""},"class_list":["post-2","page","type-page","status-publish","hentry"],"_links":{"self":[{"href":"https:\/\/www.escaladepatagonia.com\/index.php\/wp-json\/wp\/v2\/pages\/2","targetHints":{"allow":["GET"]}}],"collection":[{"href":"https:\/\/www.escaladepatagonia.com\/index.php\/wp-json\/wp\/v2\/pages"}],"about":[{"href":"https:\/\/www.escaladepatagonia.com\/index.php\/wp-json\/wp\/v2\/types\/page"}],"author":[{"embeddable":true,"href":"https:\/\/www.escaladepatagonia.com\/index.php\/wp-json\/wp\/v2\/users\/1"}],"replies":[{"embeddable":true,"href":"https:\/\/www.escaladepatagonia.com\/index.php\/wp-json\/wp\/v2\/comments?post=2"}],"version-history":[{"count":17,"href":"https:\/\/www.escaladepatagonia.com\/index.php\/wp-json\/wp\/v2\/pages\/2\/revisions"}],"predecessor-version":[{"id":44,"href":"https:\/\/www.escaladepatagonia.com\/index.php\/wp-json\/wp\/v2\/pages\/2\/revisions\/44"}],"wp:attachment":[{"href":"https:\/\/www.escaladepatagonia.com\/index.php\/wp-json\/wp\/v2\/media?parent=2"}],"curies":[{"name":"wp","href":"https:\/\/api.w.org\/{rel}","templated":true}]}}